{"id":14,"date":"2012-02-03T08:35:29","date_gmt":"2012-02-03T08:35:29","guid":{"rendered":"http:\/\/www.dalgangen.se\/?page_id=14"},"modified":"2022-09-28T08:53:23","modified_gmt":"2022-09-28T07:53:23","slug":"dokument-2","status":"publish","type":"page","link":"https:\/\/www.dalgangen.se\/?page_id=14","title":{"rendered":"Dokument"},"content":{"rendered":"\n<h2> <br>\u00c5rsschema f\u00f6r gr\u00e4sklippning, st\u00e4dning, sn\u00f6r\u00f6jning med mera <\/h2>\n\n\n\n<div class=\"wp-block-file\"><a id=\"wp-block-file--media-21a34724-8b9c-4770-9f75-ef1631c077a7\" href=\"https:\/\/www.dalgangen.se\/wp-content\/uploads\/2022\/09\/BRF-Dalgangen_Arsschema2022-2.pdf\" target=\"_blank\" rel=\"noreferrer noopener\">\u00c5rsschema 2022<\/a><a href=\"https:\/\/www.dalgangen.se\/wp-content\/uploads\/2022\/09\/BRF-Dalgangen_Arsschema2022-2.pdf\" class=\"wp-block-file__button\" download aria-describedby=\"wp-block-file--media-21a34724-8b9c-4770-9f75-ef1631c077a7\">Ladda ner<\/a><\/div>\n\n\n\n<p><\/p>\n\n\n\n<p> <br><strong>Historiska \u00e5rsredovisningar<\/strong><\/p>\n\n\n\n<p><a href=\"http:\/\/www.dalgangen.se\/wp-content\/uploads\/2019\/01\/\u00c5rsredovisning-2017.pdf\">\u00c5rsredovisning2017<\/a><br><a href=\"http:\/\/www.dalgangen.se\/wp-content\/uploads\/2012\/02\/Arsredovisning2016.pdf\">Arsredovisning2016<\/a><a href=\"http:\/\/www.dalgangen.se\/wp-content\/uploads\/2016\/05\/arsredovisning2015.pdf\"><br>Arsredovisning2015<\/a><br><a href=\"http:\/\/www.dalgangen.se\/wp-content\/uploads\/2015\/2014dalgangen.pdf\">Arsredovisning2014<\/a><br><a href=\"http:\/\/www.dalgangen.se\/wp-content\/uploads\/2012\/02\/arsredovisning2013.pdf\">Arsredovisning2013<\/a><br><a href=\"http:\/\/www.dalgangen.se\/wp-content\/uploads\/2013\/04\/arsredovisning-2012.pdf\">Arsredovisning2012<\/a><br><a href=\"http:\/\/www.dalgangen.se\/dok\/arsredovisning2011.pdf\">Arsredovisning2011<\/a><br><a href=\"http:\/\/www.dalgangen.se\/dok\/arsredovisning2010.pdf\">Arsredovisning2010<\/a><br><a href=\"http:\/\/www.dalgangen.se\/dok\/arsredovisning2009.pdf\">Arsredovisning2009<\/a><br><a href=\"http:\/\/www.dalgangen.se\/dok\/arsredovisning2008.pdf\">Arsredovisning2008<\/a><\/p>\n\n\n\n<h2> <br>Stadgar f\u00f6r BRF Dalg\u00e5ngen <\/h2>\n\n\n\n<p><a href=\"http:\/\/www.dalgangen.se\/dok\/registrerade_stadgar.pdf\">Registrerade_stadgar<\/a><\/p>\n","protected":false},"excerpt":{"rendered":"<p>\u00c5rsschema f\u00f6r gr\u00e4sklippning, st\u00e4dning, sn\u00f6r\u00f6jning med mera Historiska \u00e5rsredovisningar \u00c5rsredovisning2017Arsredovisning2016Arsredovisning2015Arsredovisning2014Arsredovisning2013Arsredovisning2012Arsredovisning2011Arsredovisning2010Arsredovisning2009Arsredovisning2008 Stadgar f\u00f6r BRF Dalg\u00e5ngen Registrerade_stadgar<\/p>\n","protected":false},"author":1,"featured_media":0,"parent":0,"menu_order":0,"comment_status":"closed","ping_status":"open","template":"","meta":[],"_links":{"self":[{"href":"https:\/\/www.dalgangen.se\/index.php?rest_route=\/wp\/v2\/pages\/14"}],"collection":[{"href":"https:\/\/www.dalgangen.se\/index.php?rest_route=\/wp\/v2\/pages"}],"about":[{"href":"https:\/\/www.dalgangen.se\/index.php?rest_route=\/wp\/v2\/types\/page"}],"author":[{"embeddable":true,"href":"https:\/\/www.dalgangen.se\/index.php?rest_route=\/wp\/v2\/users\/1"}],"replies":[{"embeddable":true,"href":"https:\/\/www.dalgangen.se\/index.php?rest_route=%2Fwp%2Fv2%2Fcomments&post=14"}],"version-history":[{"count":27,"href":"https:\/\/www.dalgangen.se\/index.php?rest_route=\/wp\/v2\/pages\/14\/revisions"}],"predecessor-version":[{"id":373,"href":"https:\/\/www.dalgangen.se\/index.php?rest_route=\/wp\/v2\/pages\/14\/revisions\/373"}],"wp:attachment":[{"href":"https:\/\/www.dalgangen.se\/index.php?rest_route=%2Fwp%2Fv2%2Fmedia&parent=14"}],"curies":[{"name":"wp","href":"https:\/\/api.w.org\/{rel}","templated":true}]}}