{"id":233,"date":"2020-09-02T21:17:19","date_gmt":"2020-09-02T20:17:19","guid":{"rendered":"http:\/\/www.dalgangen.se\/?page_id=233"},"modified":"2020-09-09T21:09:13","modified_gmt":"2020-09-09T20:09:13","slug":"boende","status":"publish","type":"page","link":"https:\/\/www.dalgangen.se\/?page_id=233","title":{"rendered":"Boende"},"content":{"rendered":"\n<p>Alla 26 l\u00e4genheterna ligger i samma hus, ett tv\u00e5v\u00e5nings l\u00e5genergihus byggt av Egnahemsbolaget. Uppv\u00e4rming sker med hj\u00e4lp av en v\u00e4rmepump kopplade b\u00e5de till bergv\u00e4rme och solf\u00e5ngare. Huset har extra v\u00e4lisolerade v\u00e4ggar, tak och golv och v\u00e4rme tillf\u00f6rs i l\u00e4genheterna med ett effektivt ventilationsystem d\u00e4r fr\u00e5nluftens v\u00e4rme tas tillvara f\u00f6r att v\u00e4rma upp tilluften. <\/p>\n\n\n\n<p>Varje l\u00e4genhet \u00e4r utrustad med tilluftsdon i taket som  f\u00f6rser varje rum med ren och frisk luft  mrf r\u00e4tt temperatur och hj\u00e4lper till att h\u00e5lla luftfuktigheten p\u00e5 en l\u00e4mplig niv\u00e5. Eftersom m\u00f6gel och virus trivs  d\u00e5ligt vid de temperatur och fuktniv\u00e5er som ger m\u00e4nniskor komfort \u00e4r f\u00f6rruts\u00e4ttningarna f\u00f6r en h\u00e4lsosam innemilj\u00f6 optimala.<\/p>\n\n\n\n<p><\/p>\n","protected":false},"excerpt":{"rendered":"<p>Alla 26 l\u00e4genheterna ligger i samma hus, ett tv\u00e5v\u00e5nings l\u00e5genergihus byggt av Egnahemsbolaget. Uppv\u00e4rming sker med hj\u00e4lp av en v\u00e4rmepump kopplade b\u00e5de till bergv\u00e4rme och solf\u00e5ngare. Huset har extra v\u00e4lisolerade v\u00e4ggar, tak och golv och v\u00e4rme tillf\u00f6rs i l\u00e4genheterna med ett effektivt ventilationsystem d\u00e4r fr\u00e5nluftens v\u00e4rme tas tillvara f\u00f6r att v\u00e4rma upp tilluften. Varje l\u00e4genhet &hellip; <\/p>\n<p class=\"link-more\"><a href=\"https:\/\/www.dalgangen.se\/?page_id=233\" class=\"more-link\">Forts\u00e4tt l\u00e4sa<span class=\"screen-reader-text\"> \u201dBoende\u201d<\/span><\/a><\/p>\n","protected":false},"author":1,"featured_media":0,"parent":0,"menu_order":0,"comment_status":"closed","ping_status":"closed","template":"","meta":[],"_links":{"self":[{"href":"https:\/\/www.dalgangen.se\/index.php?rest_route=\/wp\/v2\/pages\/233"}],"collection":[{"href":"https:\/\/www.dalgangen.se\/index.php?rest_route=\/wp\/v2\/pages"}],"about":[{"href":"https:\/\/www.dalgangen.se\/index.php?rest_route=\/wp\/v2\/types\/page"}],"author":[{"embeddable":true,"href":"https:\/\/www.dalgangen.se\/index.php?rest_route=\/wp\/v2\/users\/1"}],"replies":[{"embeddable":true,"href":"https:\/\/www.dalgangen.se\/index.php?rest_route=%2Fwp%2Fv2%2Fcomments&post=233"}],"version-history":[{"count":2,"href":"https:\/\/www.dalgangen.se\/index.php?rest_route=\/wp\/v2\/pages\/233\/revisions"}],"predecessor-version":[{"id":318,"href":"https:\/\/www.dalgangen.se\/index.php?rest_route=\/wp\/v2\/pages\/233\/revisions\/318"}],"wp:attachment":[{"href":"https:\/\/www.dalgangen.se\/index.php?rest_route=%2Fwp%2Fv2%2Fmedia&parent=233"}],"curies":[{"name":"wp","href":"https:\/\/api.w.org\/{rel}","templated":true}]}}