{"id":234,"date":"2020-09-02T21:17:19","date_gmt":"2020-09-02T20:17:19","guid":{"rendered":"http:\/\/www.dalgangen.se\/?page_id=234"},"modified":"2020-09-02T21:21:56","modified_gmt":"2020-09-02T20:21:56","slug":"avisering","status":"publish","type":"page","link":"https:\/\/www.dalgangen.se\/?page_id=234","title":{"rendered":"Avisering"},"content":{"rendered":"\n<p>Den ekonomiska f\u00f6rvaltningen av f\u00f6reningen har flyttats till <a href=\"https:\/\/www.sbc.se\/\">SBC Sveriges Bostadsr\u00e4ttsCentrum<\/a> sedan h\u00f6sten 2019. Det inneb\u00e4r att SBC tar in f\u00f6reningens avgifter och hyror, registrerar \u00f6verl\u00e5telser och nya pants\u00e4ttningar p\u00e5 bostadsr\u00e4tten p\u00e5 uppdrag av styrelsen.\u00a0<\/p>\n\n\n\n<h2><strong>Hur kan jag betala mina avier?<\/strong><\/h2>\n\n\n\n<p>Avgift betalas alltid i f\u00f6rskott. det finns olika valm\u00f6jligheter f\u00f6r avisering.<\/p>\n\n\n\n<ul><li>Pappersform &#8211; du f\u00e5r dina avier fr\u00e5n SBC via posten. Dessa avier betalas manuellt via OCR-nummer. Du f\u00e5r alla tre avierna f\u00f6r kvartalet i samma f\u00f6rs\u00e4ndelse.<\/li><li>Kivra &#8211; om du inte redan \u00e4r ansluten till Kivra, kan du registrera dig via Kivras app eller <a href=\"https:\/\/kivra.se\/sv\/privat\">Kivra hemsidan<\/a>. Avierna kommer levereras digitalt ist\u00e4llet.<\/li><li>E-faktura &#8211; Ans\u00f6k om e-faktura via din bank, anv\u00e4nd s\u00f6knamnet: SBC<\/li><li>Autogiro &#8211; Du kan anm\u00e4la dig till autogiro via din Internetbank. S\u00f6knamnet \u00e4r f\u00f6reningens namn: Brf Dalg\u00e5ngen. Om du inte har Internetbank, kan du fylla i en blankett som bland annat kan f\u00e5s fr\u00e5n SBC kundtj\u00e4nst.<\/li><\/ul>\n\n\n\n<h2><strong>Kontakt vid fr\u00e5gor<\/strong><\/h2>\n\n\n\n<p><strong>SBC Kundtj\u00e4nst<\/strong><br>M\u00e5ndag-fredag  07.00-21.00<br>Telefon:  0771-722 722<br>E-post:  kundtjanst@sbc.se <\/p>\n","protected":false},"excerpt":{"rendered":"<p>Den ekonomiska f\u00f6rvaltningen av f\u00f6reningen har flyttats till SBC Sveriges Bostadsr\u00e4ttsCentrum sedan h\u00f6sten 2019. Det inneb\u00e4r att SBC tar in f\u00f6reningens avgifter och hyror, registrerar \u00f6verl\u00e5telser och nya pants\u00e4ttningar p\u00e5 bostadsr\u00e4tten p\u00e5 uppdrag av styrelsen.\u00a0 Hur kan jag betala mina avier? Avgift betalas alltid i f\u00f6rskott. det finns olika valm\u00f6jligheter f\u00f6r avisering. Pappersform &#8211; du &hellip; <\/p>\n<p class=\"link-more\"><a href=\"https:\/\/www.dalgangen.se\/?page_id=234\" class=\"more-link\">Forts\u00e4tt l\u00e4sa<span class=\"screen-reader-text\"> \u201dAvisering\u201d<\/span><\/a><\/p>\n","protected":false},"author":1,"featured_media":0,"parent":0,"menu_order":0,"comment_status":"closed","ping_status":"closed","template":"","meta":[],"_links":{"self":[{"href":"https:\/\/www.dalgangen.se\/index.php?rest_route=\/wp\/v2\/pages\/234"}],"collection":[{"href":"https:\/\/www.dalgangen.se\/index.php?rest_route=\/wp\/v2\/pages"}],"about":[{"href":"https:\/\/www.dalgangen.se\/index.php?rest_route=\/wp\/v2\/types\/page"}],"author":[{"embeddable":true,"href":"https:\/\/www.dalgangen.se\/index.php?rest_route=\/wp\/v2\/users\/1"}],"replies":[{"embeddable":true,"href":"https:\/\/www.dalgangen.se\/index.php?rest_route=%2Fwp%2Fv2%2Fcomments&post=234"}],"version-history":[{"count":2,"href":"https:\/\/www.dalgangen.se\/index.php?rest_route=\/wp\/v2\/pages\/234\/revisions"}],"predecessor-version":[{"id":262,"href":"https:\/\/www.dalgangen.se\/index.php?rest_route=\/wp\/v2\/pages\/234\/revisions\/262"}],"wp:attachment":[{"href":"https:\/\/www.dalgangen.se\/index.php?rest_route=%2Fwp%2Fv2%2Fmedia&parent=234"}],"curies":[{"name":"wp","href":"https:\/\/api.w.org\/{rel}","templated":true}]}}