{"id":239,"date":"2020-09-02T21:17:19","date_gmt":"2020-09-02T20:17:19","guid":{"rendered":"http:\/\/www.dalgangen.se\/?page_id=239"},"modified":"2020-09-02T21:20:40","modified_gmt":"2020-09-02T20:20:40","slug":"fastighet","status":"publish","type":"page","link":"https:\/\/www.dalgangen.se\/?page_id=239","title":{"rendered":"Fastighet"},"content":{"rendered":"\n<h2><\/h2>\n\n\n\n<p>F\u00f6reningens fastighet <strong>Rambergsstaden 12:10<\/strong> f\u00f6rv\u00e4rvades 2008 och omfattar 26 l\u00e4genheter, 2-5 rok, vid Rambergets fot. Till varje bostadsr\u00e4tt ing\u00e5r en parkeringsplats. Bostadsr\u00e4ttf\u00f6reningen Dalg\u00e5ngen registrerades 2006-12-19 hos Bolagsverket och nuvarande stadgar registrerades 2019-09-24. Alla l\u00e4genheterna ligger i samma hus, ett tv\u00e5v\u00e5nings hus byggt av Egnahemsbolaget. Huset har extra v\u00e4lisolerade v\u00e4ggar, tak och golv.<\/p>\n\n\n\n<p>Det finns inga radiatorer i l\u00e4genheterna utan uppv\u00e4rmning sker genom ett effektivt ventilationssystem d\u00e4r fr\u00e5nluftens v\u00e4rme tas tillvara f\u00f6r att v\u00e4rma upp tilluften. V\u00e4rmen kommer genom sm\u00e5 tilluftsdon i taket. Varmvattnet v\u00e4rms under st\u00f6rsta delen av \u00e5ret att upp med hj\u00e4lp av solf\u00e5ngare p\u00e5 takets sydliga sidor.<\/p>\n\n\n\n<p><strong>L\u00e4genhetsf\u00f6rdelning bostadsr\u00e4tter<\/strong><\/p>\n\n\n\n<p><strong>2 rok<\/strong>\t5 st<\/p>\n\n\n\n<p><strong>3 rok<\/strong>\t10 st<\/p>\n\n\n\n<p><strong>4 rok<\/strong> 8 st<\/p>\n\n\n\n<p><strong>5 rok<\/strong>  2 st <\/p>\n","protected":false},"excerpt":{"rendered":"<p>F\u00f6reningens fastighet Rambergsstaden 12:10 f\u00f6rv\u00e4rvades 2008 och omfattar 26 l\u00e4genheter, 2-5 rok, vid Rambergets fot. Till varje bostadsr\u00e4tt ing\u00e5r en parkeringsplats. Bostadsr\u00e4ttf\u00f6reningen Dalg\u00e5ngen registrerades 2006-12-19 hos Bolagsverket och nuvarande stadgar registrerades 2019-09-24. Alla l\u00e4genheterna ligger i samma hus, ett tv\u00e5v\u00e5nings hus byggt av Egnahemsbolaget. Huset har extra v\u00e4lisolerade v\u00e4ggar, tak och golv. Det finns inga &hellip; <\/p>\n<p class=\"link-more\"><a href=\"https:\/\/www.dalgangen.se\/?page_id=239\" class=\"more-link\">Forts\u00e4tt l\u00e4sa<span class=\"screen-reader-text\"> \u201dFastighet\u201d<\/span><\/a><\/p>\n","protected":false},"author":1,"featured_media":0,"parent":0,"menu_order":0,"comment_status":"closed","ping_status":"closed","template":"","meta":[],"_links":{"self":[{"href":"https:\/\/www.dalgangen.se\/index.php?rest_route=\/wp\/v2\/pages\/239"}],"collection":[{"href":"https:\/\/www.dalgangen.se\/index.php?rest_route=\/wp\/v2\/pages"}],"about":[{"href":"https:\/\/www.dalgangen.se\/index.php?rest_route=\/wp\/v2\/types\/page"}],"author":[{"embeddable":true,"href":"https:\/\/www.dalgangen.se\/index.php?rest_route=\/wp\/v2\/users\/1"}],"replies":[{"embeddable":true,"href":"https:\/\/www.dalgangen.se\/index.php?rest_route=%2Fwp%2Fv2%2Fcomments&post=239"}],"version-history":[{"count":4,"href":"https:\/\/www.dalgangen.se\/index.php?rest_route=\/wp\/v2\/pages\/239\/revisions"}],"predecessor-version":[{"id":260,"href":"https:\/\/www.dalgangen.se\/index.php?rest_route=\/wp\/v2\/pages\/239\/revisions\/260"}],"wp:attachment":[{"href":"https:\/\/www.dalgangen.se\/index.php?rest_route=%2Fwp%2Fv2%2Fmedia&parent=239"}],"curies":[{"name":"wp","href":"https:\/\/api.w.org\/{rel}","templated":true}]}}