{"id":283,"date":"2020-09-08T21:08:32","date_gmt":"2020-09-08T20:08:32","guid":{"rendered":"http:\/\/www.dalgangen.se\/?page_id=283"},"modified":"2020-09-08T21:08:32","modified_gmt":"2020-09-08T20:08:32","slug":"nyckel-och-las","status":"publish","type":"page","link":"https:\/\/www.dalgangen.se\/?page_id=283","title":{"rendered":"Nyckel och l\u00e5s"},"content":{"rendered":"\n<p>Nycklar och l\u00e5s i f\u00f6reningen tillh\u00f6r en s\u00e5 kallad ASSA system som administreras av en <strong>systemansvarig<\/strong>. Just nu uppfyller <strong>Bertrand Molimard<\/strong> (Dalg\u00e5ngen 16) den h\u00e4r rollen. V\u00e5r Servicestation \u00e4r V\u00e4st Svenska L\u00e5sMontage AB.<br><\/p>\n\n\n\n<h2>Ansvar som nyckelinnehavare<\/h2>\n\n\n\n<p>Din erh\u00e5llna Assa-nyckel \u00e4r ett v\u00e4rdef\u00f6rem\u00e5l. Den representerar det sammanlagda v\u00e4rdet av allt som f\u00f6rvaras i de utrymmen till till vilken nyckeln passar. D\u00e4rf\u00f6r \u00e4r du som nyckel innehavare skyldig att:<\/p>\n\n\n\n<ul><li>Handla och f\u00f6rvara nycklar p\u00e5 ett betryggande s\u00e4tt s\u00e5 att de inte kommer i obeh\u00f6rigas h\u00e4nder<\/li><li>Inte tillverka kopior av n\u00e5gon nyckel. Beh\u00f6ver du en extra nyckel, tar du f\u00f6rst kontakt med <strong>systemansvarig<\/strong><\/li><li>Inte m\u00e4rka n\u00e5gon nyckel s\u00e5 att den av obeh\u00f6rig kan identifieras till avsedd adress oavsett l\u00e5s<\/li><li>Omedelbart anm\u00e4la eventuell f\u00f6rlust av nyckel till <strong>systemansvarig<\/strong> inom f\u00f6reningen<\/li><\/ul>\n\n\n\n<h2>Underh\u00e5ll<\/h2>\n\n\n\n<p>Att l\u00e5s liksom andra mekaniska produkter f\u00f6rslits \u00e4r ett obestridligt faktum. Detta inneb\u00e4r att l\u00e5senheten beh\u00f6ver en regelbunden \u00f6versyn om en mjuk och s\u00e4ker st\u00e4ngning\/\u00f6ppning ska erh\u00e5llas. ASSA AB rekommenderar sm\u00f6rjning av l\u00e5shuset tv\u00e5 g\u00e5nger om \u00e5ret. Styrelsen jobbar p\u00e5 en l\u00f6sning.<br><\/p>\n\n\n\n<p>Anv\u00e4nd aldrig egen olja eller grafit i l\u00e5scylinder. Fett\/olja f\u00f6rorsakar funktionsstopp och beckar ihop cylinder. Kontakta styrelsen om era l\u00e5s g\u00e5r tr\u00f6gt.<\/p>\n\n\n\n<h2>Servicenyckeln<\/h2>\n\n\n\n<p><strong>L\u00e4genhets servicenyckel<\/strong> \u00e4r en nyckel som kan under vissa omst\u00e4ndigheter \u00f6ppna en l\u00e4genhetsd\u00f6rr. En s\u00e5dan nyckel har inte tillverkats hittills med kan tas fram vid behov. Det kan vara ett smidigt s\u00e4tt att l\u00f6sa kommande aktiviteter d\u00e4r man ska in i l\u00e4genheter och l\u00e4genhetsinnehavare inte kan vara med.\u00a0 <\/p>\n\n\n\n<p>Vid avtalad service l\u00e5ser d\u00f6rren och tar l\u00e4genhetsinnehavare ur nyckeln i servicel\u00e4ge \u201dklockan 10\u201d (se bilden). Servicel\u00e4get ger d\u00e5 m\u00f6jlighet att \u00f6ppna l\u00e5set med l\u00e4genhets servicenyckel. D\u00e5 l\u00e4genhetsinnehavare \u00e5terkommer \u00f6ppnas d\u00f6rren med sin vanlig l\u00e4genhetsnyckeln och tas ur i normal-l\u00e4get \u201dklockan 12\u201d. I normall\u00e4get \u201dklockan 12\u201d \u00f6ppnar endast l\u00e4genhetsnyckeln. I andra ord kan servicenyckeln \u00f6ppna l\u00e4genhetsd\u00f6rren endast om l\u00e4genhetsinnehavare till\u00e5ter det.<br><\/p>\n\n\n\n<figure class=\"wp-block-image\"><img src=\"https:\/\/lh3.googleusercontent.com\/P6Dd90XbPeLRij3ZHfAIYvnTXM6aZKKGkj4B9PWrEvBgIs1s-bKI64WVdJDnZNx_0L27xDIMY3WAJc5l277OSHo03pv_PFRiOHPeHTs4ejN_W79zIZZN0hK4C2NOmAdpP3Ve4Gat\" alt=\"\"\/><\/figure>\n\n\n\n<h2>Reserv cylinder<\/h2>\n\n\n\n<p>Cylindern \u00e4r delen av l\u00e5sen d\u00e4r nyckeln stoppas in. F\u00f6reningen har k\u00f6pt en reserv cylinder med tre nycklar som kan anv\u00e4ndas vid akut behov. Skulle n\u00e5gon f\u00e5 problem med sin cylinder kan den snabb ers\u00e4ttas av reservcylindern. Det kan vara en smidig och billig l\u00f6sning om man f\u00e5r problem med sin l\u00e5s under helgen. Felaktiga cylindern kan d\u00e5 l\u00e4mnas till V\u00e4st Svenska L\u00e5sMontage p\u00e5 en vardag f\u00f6r \u00e5tg\u00e4rd och h\u00e4mtas efter reparation. N\u00e4r cylinder kommer tillbaka kan den monteras i l\u00e5ssystemet som det var f\u00f6rrut.<br><\/p>\n\n\n\n<p>Just nu har tv\u00e5 personer i f\u00f6reningen kompetens f\u00f6r att byta en cylinder: Fabien Desvignes (Dalg\u00e5ngen 21) och Bertrand Molimard (Dalg\u00e5ngen 16).<\/p>\n\n\n\n<h1>Vanliga fr\u00e5gor<\/h1>\n\n\n\n<h2>Vad h\u00e4nder om jag tappar bort en nyckel?<\/h2>\n\n\n\n<p>Har du inte markerad nyckel med ditt namn eller adress beh\u00f6ver du inte vara f\u00f6r orolig. Prata ihop med <strong>systemansvarig<\/strong> i din f\u00f6rening. \u00c4r det akut att byta l\u00e5s och nyckel kan en tillf\u00e4llig cylinder installeras. Fungerar ingen av dessa l\u00f6sningar kontaktar du direkt v\u00e5r servicestation V\u00e4st Svenska L\u00e5sMontage AB.<\/p>\n\n\n\n<p>OBS. Deras tekniker \u00e4r de enda som kan tillverka nya nycklar eller reparera\/byta l\u00e5scylindrarna.<\/p>\n\n\n\n<h2>Vad h\u00e4nder om l\u00e5set har fastnat eller slutat fungera?<\/h2>\n\n\n\n<p>V\u00e4nd dig till Fabien Desvignes eller Bertrand Molimard i f\u00f6rsta hand. De kan hj\u00e4lpa dig att installera en tillf\u00e4llig cylinder och f\u00e5 tre tillf\u00e4lliga nycklar. \u00c4r ingen av de tillg\u00e4nglig s\u00e5 tar du sj\u00e4lv kontakt med v\u00e5r servicestation V\u00e4st Svenska L\u00e5sMontage AB. De kan hj\u00e4lpa med cylinder och vid eventuellt byte.<\/p>\n\n\n\n<p>OBS. Deras tekniker \u00e4r de enda som kan tillverka nya nycklar eller reparera\/byta l\u00e5scylindrarna.<br><\/p>\n\n\n\n<p>\u00c4r det inget fel med cylindern utan n\u00e5gon annan del i l\u00e5ssystemet (handtag, &#8230;) kan du ta kontakt med l\u00e5ssmed.<\/p>\n\n\n\n<h2>Hur kan jag veta hur m\u00e5nga nycklar har tillverkats just till min l\u00e4genhet?<\/h2>\n\n\n\n<p>I och med v\u00e5ra nycklar och l\u00e5s tillh\u00f6r ett ASSA system, registreras samtliga nycklar i ett dokument d\u00e4r totala antalet tillverkade nycklar f\u00f6r varenda l\u00e4genhet framst\u00e5r. Prata med <strong>systemansvarigen<\/strong> i din f\u00f6rening f\u00f6r att f\u00e5 titta p\u00e5 det.<\/p>\n\n\n\n<h2>Vad h\u00e4nder om jag vill ha fler nycklar?<\/h2>\n\n\n\n<p>Prata med din <strong>systemansvarig<\/strong> i f\u00f6reningen. Hen hanterar alltid best\u00e4llningar av nya nycklar mot V\u00e4st Svenska L\u00e5sMontage AB.<\/p>\n\n\n\n<h2>Vad kostar det att tillverka en nyckel?<\/h2>\n\n\n\n<p>En extra nyckel kostar cirka 220:-. Den kan h\u00e4mtas direkt hos L\u00e5sMontage AB eller skicka via post (50:- frakt).<\/p>\n\n\n\n<h2>Vad kostar ett cylinderbyte?<\/h2>\n\n\n\n<p>R\u00e4kna ungef\u00e4r p\u00e5 1000:- per cylinder. I de flesta l\u00e4genheter finns det totalt tre cylindrar: tv\u00e5 i entr\u00e9d\u00f6rren (en inne, den andra ute) och en till uteplats d\u00f6rren. Notera att V\u00e4st Svenska L\u00e5sMontage tar 400:- i transport avgift.<\/p>\n","protected":false},"excerpt":{"rendered":"<p>Nycklar och l\u00e5s i f\u00f6reningen tillh\u00f6r en s\u00e5 kallad ASSA system som administreras av en systemansvarig. Just nu uppfyller Bertrand Molimard (Dalg\u00e5ngen 16) den h\u00e4r rollen. V\u00e5r Servicestation \u00e4r V\u00e4st Svenska L\u00e5sMontage AB. Ansvar som nyckelinnehavare Din erh\u00e5llna Assa-nyckel \u00e4r ett v\u00e4rdef\u00f6rem\u00e5l. Den representerar det sammanlagda v\u00e4rdet av allt som f\u00f6rvaras i de utrymmen till &hellip; <\/p>\n<p class=\"link-more\"><a href=\"https:\/\/www.dalgangen.se\/?page_id=283\" class=\"more-link\">Forts\u00e4tt l\u00e4sa<span class=\"screen-reader-text\"> \u201dNyckel och l\u00e5s\u201d<\/span><\/a><\/p>\n","protected":false},"author":1,"featured_media":0,"parent":0,"menu_order":0,"comment_status":"closed","ping_status":"closed","template":"","meta":[],"_links":{"self":[{"href":"https:\/\/www.dalgangen.se\/index.php?rest_route=\/wp\/v2\/pages\/283"}],"collection":[{"href":"https:\/\/www.dalgangen.se\/index.php?rest_route=\/wp\/v2\/pages"}],"about":[{"href":"https:\/\/www.dalgangen.se\/index.php?rest_route=\/wp\/v2\/types\/page"}],"author":[{"embeddable":true,"href":"https:\/\/www.dalgangen.se\/index.php?rest_route=\/wp\/v2\/users\/1"}],"replies":[{"embeddable":true,"href":"https:\/\/www.dalgangen.se\/index.php?rest_route=%2Fwp%2Fv2%2Fcomments&post=283"}],"version-history":[{"count":1,"href":"https:\/\/www.dalgangen.se\/index.php?rest_route=\/wp\/v2\/pages\/283\/revisions"}],"predecessor-version":[{"id":284,"href":"https:\/\/www.dalgangen.se\/index.php?rest_route=\/wp\/v2\/pages\/283\/revisions\/284"}],"wp:attachment":[{"href":"https:\/\/www.dalgangen.se\/index.php?rest_route=%2Fwp%2Fv2%2Fmedia&parent=283"}],"curies":[{"name":"wp","href":"https:\/\/api.w.org\/{rel}","templated":true}]}}