{"id":288,"date":"2020-09-08T21:25:42","date_gmt":"2020-09-08T20:25:42","guid":{"rendered":"http:\/\/www.dalgangen.se\/?page_id=288"},"modified":"2020-09-08T21:26:27","modified_gmt":"2020-09-08T20:26:27","slug":"avfallshantering","status":"publish","type":"page","link":"https:\/\/www.dalgangen.se\/?page_id=288","title":{"rendered":"Avfallshantering"},"content":{"rendered":"\n<p>Det finns tv\u00e5 avfallsbeh\u00e5llarna vid rondellen: en till matavfall, den andra till hush\u00e5llsavfall. T\u00e4nk p\u00e5 milj\u00f6n och var nogrann n\u00e4r du sorterar dina sopor!<\/p>\n\n\n\n<h2>Matavfall<\/h2>\n\n\n\n<p>H\u00e4r p\u00e5 Dalg\u00e5ngen har vi separat insamling av matavfall. Bruna pappersp\u00e5sen anv\u00e4nds f\u00f6r att sortera ut ditt matavfall. G\u00f6r du det, bidrar till det naturliga kretsloppet. P\u00e5sarna med ditt matavfall k\u00f6rs till behandling en g\u00e5ng i veckan. D\u00e4r omvandlas matresterna till biogas f\u00f6r fordon och till biog\u00f6dsel som ers\u00e4tter konstg\u00f6dsel.<\/p>\n\n\n\n<p>T\u00e4nk p\u00e5 detta n\u00e4r du tar hand om matavfall:<\/p>\n\n\n\n<ul><li>Pappersp\u00e5sar finns att h\u00e4mta i fastighetsf\u00f6r\u00e5det. <a href=\"mailto:styrelsen@dalgangen.se\">Ta kontakt med styrelsen<\/a> ifall de tar slut!<\/li><li>L\u00e4gg aldrig matavfallsp\u00e5sen i en plastp\u00e5se<\/li><li>N\u00e4r p\u00e5sen \u00e4r full l\u00e4gger du den i beh\u00e5llaren f\u00f6r kompostavfall som l\u00e5ses upp med din nyckel.<\/li><li>Endast matavfall f\u00e5r sl\u00e4ngas i kompostbeh\u00e5llaren!<\/li><\/ul>\n\n\n\n<h4>Det h\u00e4r kan du l\u00e4gga i bruna p\u00e5sen<\/h4>\n\n\n\n<ul><li>Matrester, r\u00e5a och tillagade<\/li><li>Frukt- och gr\u00f6nsaksrester<\/li><li>\u00c4gg och br\u00f6d<\/li><li>Fisk- och skaldjursrester<\/li><li>Kaffesump, kaffefilter, teblad och tep\u00e5sar<\/li><li>Hush\u00e5llspapper och pappersservetter<\/li><li>Snittblommor och krukv\u00e4xter utan jord<\/li><li>Hush\u00e5llspappret du anv\u00e4nt f\u00f6r att torka ur fett ur stekpannan<\/li><\/ul>\n\n\n\n<h4>Det h\u00e4r kan du inte l\u00e4gga i den bruna p\u00e5sen<\/h4>\n\n\n\n<ul><li>Tobak, fimpar och snus<\/li><li>Bl\u00f6jor och bindor<\/li><li>Tyg<\/li><li>Inneh\u00e5llet i dammsugarp\u00e5sen<\/li><li>Kattsand och kuttersp\u00e5n<\/li><li>Sand, jord, lera och grus<\/li><li>Glas och metallf\u00f6rem\u00e5l<\/li><li>Grillkol och vedaska<\/li><li>Jord fr\u00e5n krukv\u00e4xter<\/li><\/ul>\n\n\n\n<p>Du kan l\u00e4sa mer om hur matavfall ska sorteras p\u00e5 <a href=\"https:\/\/goteborg.se\/wps\/portal\/start\/avfall-och-atervinning\/sortera-avfall-hushallet\/matavfall\/matavfall\/!ut\/p\/z1\/04_Sj9CPykssy0xPLMnMz0vMAfIjo8ziAwy9Ai2cDB0N_N0t3Qw8Q7wD3Py8ffxdXQz0wwkpiAJKG-AAjgb6BbmhigCBEJyH\/dz\/d5\/L2dBISEvZ0FBIS9nQSEh\/\">G\u00f6teborgs stad hemsidan<\/a><\/p>\n","protected":false},"excerpt":{"rendered":"<p>Det finns tv\u00e5 avfallsbeh\u00e5llarna vid rondellen: en till matavfall, den andra till hush\u00e5llsavfall. T\u00e4nk p\u00e5 milj\u00f6n och var nogrann n\u00e4r du sorterar dina sopor! Matavfall H\u00e4r p\u00e5 Dalg\u00e5ngen har vi separat insamling av matavfall. Bruna pappersp\u00e5sen anv\u00e4nds f\u00f6r att sortera ut ditt matavfall. G\u00f6r du det, bidrar till det naturliga kretsloppet. P\u00e5sarna med ditt matavfall &hellip; <\/p>\n<p class=\"link-more\"><a href=\"https:\/\/www.dalgangen.se\/?page_id=288\" class=\"more-link\">Forts\u00e4tt l\u00e4sa<span class=\"screen-reader-text\"> \u201dAvfallshantering\u201d<\/span><\/a><\/p>\n","protected":false},"author":1,"featured_media":0,"parent":0,"menu_order":0,"comment_status":"closed","ping_status":"closed","template":"","meta":[],"_links":{"self":[{"href":"https:\/\/www.dalgangen.se\/index.php?rest_route=\/wp\/v2\/pages\/288"}],"collection":[{"href":"https:\/\/www.dalgangen.se\/index.php?rest_route=\/wp\/v2\/pages"}],"about":[{"href":"https:\/\/www.dalgangen.se\/index.php?rest_route=\/wp\/v2\/types\/page"}],"author":[{"embeddable":true,"href":"https:\/\/www.dalgangen.se\/index.php?rest_route=\/wp\/v2\/users\/1"}],"replies":[{"embeddable":true,"href":"https:\/\/www.dalgangen.se\/index.php?rest_route=%2Fwp%2Fv2%2Fcomments&post=288"}],"version-history":[{"count":3,"href":"https:\/\/www.dalgangen.se\/index.php?rest_route=\/wp\/v2\/pages\/288\/revisions"}],"predecessor-version":[{"id":291,"href":"https:\/\/www.dalgangen.se\/index.php?rest_route=\/wp\/v2\/pages\/288\/revisions\/291"}],"wp:attachment":[{"href":"https:\/\/www.dalgangen.se\/index.php?rest_route=%2Fwp%2Fv2%2Fmedia&parent=288"}],"curies":[{"name":"wp","href":"https:\/\/api.w.org\/{rel}","templated":true}]}}