{"id":293,"date":"2020-09-08T21:29:38","date_gmt":"2020-09-08T20:29:38","guid":{"rendered":"http:\/\/www.dalgangen.se\/?page_id=293"},"modified":"2020-09-08T21:29:38","modified_gmt":"2020-09-08T20:29:38","slug":"parkering","status":"publish","type":"page","link":"https:\/\/www.dalgangen.se\/?page_id=293","title":{"rendered":"Parkering"},"content":{"rendered":"\n<p>Varje l\u00e4genhet har tillg\u00e5ng till en parkeringsplats som ligger i s\u00f6dra delen av f\u00f6reningen (se bl\u00e5 markerade omr\u00e5det p\u00e5 kartan nedan). Det finns ingen k\u00f6lista och kostnad f\u00f6r parkering ing\u00e5r i m\u00e5nadsavgiften.<\/p>\n\n\n\n<p>Ut\u00f6ver det finns det 2 g\u00e4stplatser p\u00e5 norra sidan av fastigheten, framf\u00f6r boden.<\/p>\n\n\n\n<p>I rondellen g\u00e4ller parkeringsf\u00f6rbud och man f\u00e5r endast stanna d\u00e4r f\u00f6r att packa i eller ur bilar. Rondellen tillh\u00f6r G\u00f6teborgs Stad och de kan d\u00e4rf\u00f6r utf\u00e4rda b\u00f6ter om f\u00f6rbudet bryts. <\/p>\n\n\n\n<figure class=\"wp-block-image\"><img loading=\"lazy\" width=\"1024\" height=\"660\" src=\"https:\/\/www.dalgangen.se\/wp-content\/uploads\/2020\/09\/image-1024x660.png\" alt=\"\" class=\"wp-image-294\" srcset=\"https:\/\/www.dalgangen.se\/wp-content\/uploads\/2020\/09\/image-1024x660.png 1024w, https:\/\/www.dalgangen.se\/wp-content\/uploads\/2020\/09\/image-300x193.png 300w, https:\/\/www.dalgangen.se\/wp-content\/uploads\/2020\/09\/image-768x495.png 768w, https:\/\/www.dalgangen.se\/wp-content\/uploads\/2020\/09\/image.png 1560w\" sizes=\"(max-width: 767px) 89vw, (max-width: 1000px) 54vw, (max-width: 1071px) 543px, 580px\" \/><\/figure>\n\n\n\n<h3><strong>F\u00f6rhyrda parkeringsplatser<\/strong><\/h3>\n\n\n\n<ul><li>Obeh\u00f6riga f\u00e5r ej parkera p\u00e5 din f\u00f6rhyrda p-plats.<\/li><li>Har du ingen bil, f\u00e5r du hyra ut den till en annan boende i f\u00f6reningen om du vill det. Avtal, pris och betalningsvillkor avtalas mellan inneboende. Styrelsen tar inget ansvar om avtalet skulle brytas eller betalning inte ske. Detta \u00e4r en \u00f6verenskommelse mellan ber\u00f6rda parter.<\/li><\/ul>\n\n\n\n<h3><strong>Gatuparkering<\/strong><\/h3>\n\n\n\n<p>Boende som har flera bilar aller g\u00e4ster som inte f\u00e5r plats p\u00e5 g\u00e4stparkeringen parkerar f\u00f6rslagsvis den andra bilen\/bilarna p\u00e5 v\u00e4gen l\u00e4ngs Ramberget eller \u00d6stra Andersg\u00e5rdsgatan.<\/p>\n\n\n\n<h3><strong>G\u00e4stparkering<\/strong><\/h3>\n\n\n\n<ul><li>G\u00e4stparkeringen \u00e4r enbart till f\u00f6r g\u00e4ster, ej f\u00f6r boende.<\/li><li>G\u00e4ster f\u00e5r anv\u00e4nda parkeringen i max 48 timmar per vecka per bil.<\/li><\/ul>\n","protected":false},"excerpt":{"rendered":"<p>Varje l\u00e4genhet har tillg\u00e5ng till en parkeringsplats som ligger i s\u00f6dra delen av f\u00f6reningen (se bl\u00e5 markerade omr\u00e5det p\u00e5 kartan nedan). Det finns ingen k\u00f6lista och kostnad f\u00f6r parkering ing\u00e5r i m\u00e5nadsavgiften. Ut\u00f6ver det finns det 2 g\u00e4stplatser p\u00e5 norra sidan av fastigheten, framf\u00f6r boden. I rondellen g\u00e4ller parkeringsf\u00f6rbud och man f\u00e5r endast stanna d\u00e4r &hellip; <\/p>\n<p class=\"link-more\"><a href=\"https:\/\/www.dalgangen.se\/?page_id=293\" class=\"more-link\">Forts\u00e4tt l\u00e4sa<span class=\"screen-reader-text\"> \u201dParkering\u201d<\/span><\/a><\/p>\n","protected":false},"author":1,"featured_media":0,"parent":0,"menu_order":0,"comment_status":"closed","ping_status":"closed","template":"","meta":[],"_links":{"self":[{"href":"https:\/\/www.dalgangen.se\/index.php?rest_route=\/wp\/v2\/pages\/293"}],"collection":[{"href":"https:\/\/www.dalgangen.se\/index.php?rest_route=\/wp\/v2\/pages"}],"about":[{"href":"https:\/\/www.dalgangen.se\/index.php?rest_route=\/wp\/v2\/types\/page"}],"author":[{"embeddable":true,"href":"https:\/\/www.dalgangen.se\/index.php?rest_route=\/wp\/v2\/users\/1"}],"replies":[{"embeddable":true,"href":"https:\/\/www.dalgangen.se\/index.php?rest_route=%2Fwp%2Fv2%2Fcomments&post=293"}],"version-history":[{"count":1,"href":"https:\/\/www.dalgangen.se\/index.php?rest_route=\/wp\/v2\/pages\/293\/revisions"}],"predecessor-version":[{"id":295,"href":"https:\/\/www.dalgangen.se\/index.php?rest_route=\/wp\/v2\/pages\/293\/revisions\/295"}],"wp:attachment":[{"href":"https:\/\/www.dalgangen.se\/index.php?rest_route=%2Fwp%2Fv2%2Fmedia&parent=293"}],"curies":[{"name":"wp","href":"https:\/\/api.w.org\/{rel}","templated":true}]}}