{"id":296,"date":"2020-09-08T21:31:01","date_gmt":"2020-09-08T20:31:01","guid":{"rendered":"http:\/\/www.dalgangen.se\/?page_id=296"},"modified":"2020-09-08T21:31:49","modified_gmt":"2020-09-08T20:31:49","slug":"forrad","status":"publish","type":"page","link":"https:\/\/www.dalgangen.se\/?page_id=296","title":{"rendered":"F\u00f6rr\u00e5d"},"content":{"rendered":"\n<p>Uppdelning av f\u00f6rr\u00e5d i f\u00f6reningen f\u00f6ljer ett homogent system som \u00e4r f\u00f6rdelat enligt f\u00f6ljande:<\/p>\n\n\n\n<ul><li>L\u00e4genheter 5 r.o.k. har ett externt f\u00f6rr\u00e5d i n\u00e4ra anslutning till sin bostad<\/li><li>L\u00e4genheter utan f\u00f6rr\u00e5d inne i l\u00e4genheten har externt f\u00f6rr\u00e5d i en av bodarna<\/li><li>St\u00f6rre l\u00e4genheter med f\u00f6rr\u00e5d inne i sina l\u00e4genheter har tillg\u00e5ng till delade hyllor i gemensamma utrymmen<\/li><\/ul>\n\n\n\n<blockquote class=\"wp-block-quote\"><p>OBS: Det finns ingen k\u00f6ssystem f\u00f6r att f\u00e5 tillg\u00e5ng till ett extra f\u00f6rr\u00e5d. Reglerna n\u00e4mnda ovanp\u00e5 g\u00e4ller alltid!<\/p><\/blockquote>\n","protected":false},"excerpt":{"rendered":"<p>Uppdelning av f\u00f6rr\u00e5d i f\u00f6reningen f\u00f6ljer ett homogent system som \u00e4r f\u00f6rdelat enligt f\u00f6ljande: L\u00e4genheter 5 r.o.k. har ett externt f\u00f6rr\u00e5d i n\u00e4ra anslutning till sin bostad L\u00e4genheter utan f\u00f6rr\u00e5d inne i l\u00e4genheten har externt f\u00f6rr\u00e5d i en av bodarna St\u00f6rre l\u00e4genheter med f\u00f6rr\u00e5d inne i sina l\u00e4genheter har tillg\u00e5ng till delade hyllor i gemensamma &hellip; <\/p>\n<p class=\"link-more\"><a href=\"https:\/\/www.dalgangen.se\/?page_id=296\" class=\"more-link\">Forts\u00e4tt l\u00e4sa<span class=\"screen-reader-text\"> \u201dF\u00f6rr\u00e5d\u201d<\/span><\/a><\/p>\n","protected":false},"author":1,"featured_media":0,"parent":0,"menu_order":0,"comment_status":"closed","ping_status":"closed","template":"","meta":[],"_links":{"self":[{"href":"https:\/\/www.dalgangen.se\/index.php?rest_route=\/wp\/v2\/pages\/296"}],"collection":[{"href":"https:\/\/www.dalgangen.se\/index.php?rest_route=\/wp\/v2\/pages"}],"about":[{"href":"https:\/\/www.dalgangen.se\/index.php?rest_route=\/wp\/v2\/types\/page"}],"author":[{"embeddable":true,"href":"https:\/\/www.dalgangen.se\/index.php?rest_route=\/wp\/v2\/users\/1"}],"replies":[{"embeddable":true,"href":"https:\/\/www.dalgangen.se\/index.php?rest_route=%2Fwp%2Fv2%2Fcomments&post=296"}],"version-history":[{"count":3,"href":"https:\/\/www.dalgangen.se\/index.php?rest_route=\/wp\/v2\/pages\/296\/revisions"}],"predecessor-version":[{"id":299,"href":"https:\/\/www.dalgangen.se\/index.php?rest_route=\/wp\/v2\/pages\/296\/revisions\/299"}],"wp:attachment":[{"href":"https:\/\/www.dalgangen.se\/index.php?rest_route=%2Fwp%2Fv2%2Fmedia&parent=296"}],"curies":[{"name":"wp","href":"https:\/\/api.w.org\/{rel}","templated":true}]}}