{"id":302,"date":"2020-09-09T20:36:07","date_gmt":"2020-09-09T19:36:07","guid":{"rendered":"http:\/\/www.dalgangen.se\/?page_id=302"},"modified":"2020-09-09T20:37:46","modified_gmt":"2020-09-09T19:37:46","slug":"stadgar","status":"publish","type":"page","link":"https:\/\/www.dalgangen.se\/?page_id=302","title":{"rendered":"Stadgar"},"content":{"rendered":"\n<p>Stadgarna \u00e4r bostadsr\u00e4ttsf\u00f6reningens grundl\u00e4ggande regler. Dessa reglerar f\u00f6rh\u00e5llandet mellan f\u00f6reningen och medlemmarna. Stadgarna \u00e4r ett av de viktigaste dokumenten f\u00f6r en f\u00f6renings medlemmar att k\u00e4nna till. Det \u00e4r <a href=\"https:\/\/www.hsb.se\/goteborg\/brf\/linjalen\/foreningen\/arstamman\/\">f\u00f6reningsst\u00e4mman<\/a> som beslutar om stadgarna. Stadgarna \u00e4r registrerade hos Bolagsverket och \u00e4r d\u00e4rf\u00f6r en offentlig handling.<\/p>\n\n\n\n<p>Stadgarna har uppdaterat enligt de \u00e4ndringarna som gjordes i lagen om ekonomiska f\u00f6reningar \u00e5r 2016.<\/p>\n\n\n\n<div class=\"wp-block-file\"><a href=\"https:\/\/www.dalgangen.se\/wp-content\/uploads\/2020\/09\/BrfDalg\u00e5ngenStadgar.pdf\">BrfDalg\u00e5ngenStadgar<\/a><a href=\"https:\/\/www.dalgangen.se\/wp-content\/uploads\/2020\/09\/BrfDalg\u00e5ngenStadgar.pdf\" class=\"wp-block-file__button\" download>Ladda ner<\/a><\/div>\n\n\n\n<p><\/p>\n","protected":false},"excerpt":{"rendered":"<p>Stadgarna \u00e4r bostadsr\u00e4ttsf\u00f6reningens grundl\u00e4ggande regler. Dessa reglerar f\u00f6rh\u00e5llandet mellan f\u00f6reningen och medlemmarna. Stadgarna \u00e4r ett av de viktigaste dokumenten f\u00f6r en f\u00f6renings medlemmar att k\u00e4nna till. Det \u00e4r f\u00f6reningsst\u00e4mman som beslutar om stadgarna. Stadgarna \u00e4r registrerade hos Bolagsverket och \u00e4r d\u00e4rf\u00f6r en offentlig handling. Stadgarna har uppdaterat enligt de \u00e4ndringarna som gjordes i lagen om &hellip; <\/p>\n<p class=\"link-more\"><a href=\"https:\/\/www.dalgangen.se\/?page_id=302\" class=\"more-link\">Forts\u00e4tt l\u00e4sa<span class=\"screen-reader-text\"> \u201dStadgar\u201d<\/span><\/a><\/p>\n","protected":false},"author":1,"featured_media":0,"parent":0,"menu_order":0,"comment_status":"closed","ping_status":"closed","template":"","meta":[],"_links":{"self":[{"href":"https:\/\/www.dalgangen.se\/index.php?rest_route=\/wp\/v2\/pages\/302"}],"collection":[{"href":"https:\/\/www.dalgangen.se\/index.php?rest_route=\/wp\/v2\/pages"}],"about":[{"href":"https:\/\/www.dalgangen.se\/index.php?rest_route=\/wp\/v2\/types\/page"}],"author":[{"embeddable":true,"href":"https:\/\/www.dalgangen.se\/index.php?rest_route=\/wp\/v2\/users\/1"}],"replies":[{"embeddable":true,"href":"https:\/\/www.dalgangen.se\/index.php?rest_route=%2Fwp%2Fv2%2Fcomments&post=302"}],"version-history":[{"count":3,"href":"https:\/\/www.dalgangen.se\/index.php?rest_route=\/wp\/v2\/pages\/302\/revisions"}],"predecessor-version":[{"id":306,"href":"https:\/\/www.dalgangen.se\/index.php?rest_route=\/wp\/v2\/pages\/302\/revisions\/306"}],"wp:attachment":[{"href":"https:\/\/www.dalgangen.se\/index.php?rest_route=%2Fwp%2Fv2%2Fmedia&parent=302"}],"curies":[{"name":"wp","href":"https:\/\/api.w.org\/{rel}","templated":true}]}}