{"id":309,"date":"2020-09-09T20:43:43","date_gmt":"2020-09-09T19:43:43","guid":{"rendered":"http:\/\/www.dalgangen.se\/?page_id=309"},"modified":"2020-09-09T20:44:17","modified_gmt":"2020-09-09T19:44:17","slug":"valberedning","status":"publish","type":"page","link":"https:\/\/www.dalgangen.se\/?page_id=309","title":{"rendered":"Valberedning"},"content":{"rendered":"\n<p>Valberedningen \u00e4r en grupp medlemmar som har till uppgift att under \u00e5ret arbeta fram f\u00f6rslag till nya kandidater som \u00e4r l\u00e4mpliga att sitta i styrelsen. Det \u00e4r d\u00e4rf\u00f6r bra om de som sitter i valberedningen \u00e4r aktiva i f\u00f6reningen, deltar p\u00e5 sammantr\u00e4den och aktiviteter, s\u00e5 de k\u00e4nner till vilka personer och kompetenser som finns.&nbsp;<\/p>\n\n\n\n<p>Hos Brf Dalg\u00e5ngen best\u00e5r valberedningen av tv\u00e5 personer, varav en \u00e4r sammankallande. Den gruppen utses av f\u00f6reningens h\u00f6gsta beslutante organ: f\u00f6reningsst\u00e4mman! Inf\u00f6r n\u00e4sta f\u00f6reningsst\u00e4mma ger valberedningen sitt f\u00f6rslag till vilka som ska v\u00e4ljas till styrelsemeddlemmar samt f\u00f6rslag p\u00e5 deras arvode.<\/p>\n\n\n\n<p>\u00c4r du intresserad av att sitta med i styrelse eller valberedning kan du meddela intresse till valberedningen n\u00e4r som helst under \u00e5ret. Nedan hittar du kontaktuppgifterna till valberedningen 2020\/2021:<\/p>\n","protected":false},"excerpt":{"rendered":"<p>Valberedningen \u00e4r en grupp medlemmar som har till uppgift att under \u00e5ret arbeta fram f\u00f6rslag till nya kandidater som \u00e4r l\u00e4mpliga att sitta i styrelsen. Det \u00e4r d\u00e4rf\u00f6r bra om de som sitter i valberedningen \u00e4r aktiva i f\u00f6reningen, deltar p\u00e5 sammantr\u00e4den och aktiviteter, s\u00e5 de k\u00e4nner till vilka personer och kompetenser som finns.&nbsp; Hos &hellip; <\/p>\n<p class=\"link-more\"><a href=\"https:\/\/www.dalgangen.se\/?page_id=309\" class=\"more-link\">Forts\u00e4tt l\u00e4sa<span class=\"screen-reader-text\"> \u201dValberedning\u201d<\/span><\/a><\/p>\n","protected":false},"author":1,"featured_media":0,"parent":0,"menu_order":0,"comment_status":"closed","ping_status":"closed","template":"","meta":[],"_links":{"self":[{"href":"https:\/\/www.dalgangen.se\/index.php?rest_route=\/wp\/v2\/pages\/309"}],"collection":[{"href":"https:\/\/www.dalgangen.se\/index.php?rest_route=\/wp\/v2\/pages"}],"about":[{"href":"https:\/\/www.dalgangen.se\/index.php?rest_route=\/wp\/v2\/types\/page"}],"author":[{"embeddable":true,"href":"https:\/\/www.dalgangen.se\/index.php?rest_route=\/wp\/v2\/users\/1"}],"replies":[{"embeddable":true,"href":"https:\/\/www.dalgangen.se\/index.php?rest_route=%2Fwp%2Fv2%2Fcomments&post=309"}],"version-history":[{"count":3,"href":"https:\/\/www.dalgangen.se\/index.php?rest_route=\/wp\/v2\/pages\/309\/revisions"}],"predecessor-version":[{"id":312,"href":"https:\/\/www.dalgangen.se\/index.php?rest_route=\/wp\/v2\/pages\/309\/revisions\/312"}],"wp:attachment":[{"href":"https:\/\/www.dalgangen.se\/index.php?rest_route=%2Fwp%2Fv2%2Fmedia&parent=309"}],"curies":[{"name":"wp","href":"https:\/\/api.w.org\/{rel}","templated":true}]}}