{"id":319,"date":"2020-09-09T21:14:24","date_gmt":"2020-09-09T20:14:24","guid":{"rendered":"http:\/\/www.dalgangen.se\/?page_id=319"},"modified":"2020-09-09T21:14:24","modified_gmt":"2020-09-09T20:14:24","slug":"uppvarmning","status":"publish","type":"page","link":"https:\/\/www.dalgangen.se\/?page_id=319","title":{"rendered":"Uppv\u00e4rmning"},"content":{"rendered":"\n<p>Bost\u00e4derna \u00e4r dimensionerade som energieffektiva byggnader som har s\u00e5 pass l\u00e5gt v\u00e4rmebehov att v\u00e4rmen kan tillf\u00f6ras med ventilationsluften. Byggnaden har d\u00e4rf\u00f6r ingen separat v\u00e4rmesystemet som tar plats eller kr\u00e4ver sk\u00f6tsel. St\u00f6rsta delen av \u00e5ret \u00e4r det tillr\u00e4ckligt med passivv\u00e4rmen dvs solinstr\u00e5lning, v\u00e4rme fr\u00e5n personer och elektriska apparater. Tillskotenergi beh\u00f6vs enbart kalla dagar. Som inneboende har du m\u00f6jlighet att p\u00e5verka rumstemperaturen genom att reglera tilluftstemperaturen i din bostad. <\/p>\n\n\n\n<p>Byggnaden \u00e4r f\u00f6rsedd med solf\u00e5ngare p\u00e5 taket. Solv\u00e4rmen klarar i stort s\u00e4tt uppv\u00e4rmning av varmvatten under halv\u00e5ret och minskar behovet av k\u00f6pt  energi till varmvatten.<\/p>\n","protected":false},"excerpt":{"rendered":"<p>Bost\u00e4derna \u00e4r dimensionerade som energieffektiva byggnader som har s\u00e5 pass l\u00e5gt v\u00e4rmebehov att v\u00e4rmen kan tillf\u00f6ras med ventilationsluften. Byggnaden har d\u00e4rf\u00f6r ingen separat v\u00e4rmesystemet som tar plats eller kr\u00e4ver sk\u00f6tsel. St\u00f6rsta delen av \u00e5ret \u00e4r det tillr\u00e4ckligt med passivv\u00e4rmen dvs solinstr\u00e5lning, v\u00e4rme fr\u00e5n personer och elektriska apparater. Tillskotenergi beh\u00f6vs enbart kalla dagar. Som inneboende har &hellip; <\/p>\n<p class=\"link-more\"><a href=\"https:\/\/www.dalgangen.se\/?page_id=319\" class=\"more-link\">Forts\u00e4tt l\u00e4sa<span class=\"screen-reader-text\"> \u201dUppv\u00e4rmning\u201d<\/span><\/a><\/p>\n","protected":false},"author":1,"featured_media":0,"parent":0,"menu_order":0,"comment_status":"closed","ping_status":"closed","template":"","meta":[],"_links":{"self":[{"href":"https:\/\/www.dalgangen.se\/index.php?rest_route=\/wp\/v2\/pages\/319"}],"collection":[{"href":"https:\/\/www.dalgangen.se\/index.php?rest_route=\/wp\/v2\/pages"}],"about":[{"href":"https:\/\/www.dalgangen.se\/index.php?rest_route=\/wp\/v2\/types\/page"}],"author":[{"embeddable":true,"href":"https:\/\/www.dalgangen.se\/index.php?rest_route=\/wp\/v2\/users\/1"}],"replies":[{"embeddable":true,"href":"https:\/\/www.dalgangen.se\/index.php?rest_route=%2Fwp%2Fv2%2Fcomments&post=319"}],"version-history":[{"count":1,"href":"https:\/\/www.dalgangen.se\/index.php?rest_route=\/wp\/v2\/pages\/319\/revisions"}],"predecessor-version":[{"id":320,"href":"https:\/\/www.dalgangen.se\/index.php?rest_route=\/wp\/v2\/pages\/319\/revisions\/320"}],"wp:attachment":[{"href":"https:\/\/www.dalgangen.se\/index.php?rest_route=%2Fwp%2Fv2%2Fmedia&parent=319"}],"curies":[{"name":"wp","href":"https:\/\/api.w.org\/{rel}","templated":true}]}}