{"id":322,"date":"2020-09-09T21:43:35","date_gmt":"2020-09-09T20:43:35","guid":{"rendered":"http:\/\/www.dalgangen.se\/?page_id=322"},"modified":"2020-09-09T21:51:17","modified_gmt":"2020-09-09T20:51:17","slug":"ventilation","status":"publish","type":"page","link":"https:\/\/www.dalgangen.se\/?page_id=322","title":{"rendered":"Ventilation"},"content":{"rendered":"\n<h2><strong>Funktionsbeskrivning<\/strong><\/h2>\n\n\n\n<p>Huset ventileras mekaniskt med ett s\u00e5 kallat <a href=\"https:\/\/sv.wikipedia.org\/wiki\/Fr%C3%A5n-_och_tilluftsventilation_med_v%C3%A4rmev%C3%A4xlare\">FTX-system<\/a>.  FTX-system \u00e4r ett system d\u00e4r man anv\u00e4nder v\u00e4rmen i fr\u00e5nluften f\u00f6r att v\u00e4rma den inkommande tilluften. <\/p>\n\n\n\n<ul><li>Tilluften tillf\u00f6rs mekaniskt i sovrum och vardagsrum.<\/li><li>Fr\u00e5nluften sugs ut via k\u00f6ksk\u00e5pan i k\u00f6ket och fr\u00e5nluftsdon i v\u00e5trum (bad och WC) och i f\u00f6rekommande fall kl\u00e4dkammare. Spisk\u00e5pan i k\u00f6ket har alltid ett grundfl\u00f6de och forceras via spj\u00e4ll med timer. T\u00e4nk p\u00e5 att <strong>endast passiva k\u00f6kk\u00e5por f\u00e5r installeras<\/strong>. Det skall vara st\u00e4llbara grund och forceringsfl\u00f6de.<\/li><li>\u00d6verluft via springor i d\u00f6rrarnas nederkant. <\/li><\/ul>\n\n\n\n<p>Luftfl\u00f6den i huset \u00e4r injusterade enligt g\u00e4llande norm. Det \u00e4r viktigt att bibeh\u00e5lla inst\u00e4llningar som \u00e4r gjorda. Dessa kan f\u00f6r\u00e4ndras bland annat vid reng\u00f6ring av don. T\u00e4nk p\u00e5 att endast g\u00f6ra rent ett don i taget s\u00e5 att \u00e5termontering sker p\u00e5 ursprunglig plats och utan att \u00e4ndra inst\u00e4llningen p\u00e5 donet. <\/p>\n\n\n\n<h2><strong>Underh\u00e5ll i l\u00e4genheten<\/strong><br><\/h2>\n\n\n\n<p> Underh\u00e5ll i anl\u00e4ggningarna<br> <br>F\u00f6reningen tecknade sedan 2019 ett service avtal med <a href=\"https:\/\/flaktman.se\/\">Fl\u00e4ktman AB<\/a> som tar hand om ventilationsanl\u00e4ggningen. <br>Det finns ett antal rensluckor monterade i kanalsystemet. F\u00f6religger behov att rensa systemet b\u00f6r  fackman kontaktas.<\/p>\n\n\n\n<h2><strong>Obligatorisk ventilationskontrol<\/strong><\/h2>\n\n\n\n<p>Obligatorisk ventilationskontrollen (OVK) syftar p\u00e5 att visa att inomhusklimatet \u00e4r bra och att ventilationssystemen fungerar som den skall. I v\u00e5r fastighet skall OVK g\u00f6ras var tredje \u00e5r av en certifierad kontrollant. Det \u00e4r bostadsr\u00e4ttsf\u00f6reningen, genom styrelsen, som ansvarar f\u00f6r att OVK utf\u00f6rs. <\/p>\n\n\n\n<p>Vid varje besiktning ska funktionskontrollanten skriva ett protokoll som redovisar resultatet. I protokollen p\u00e5talar kontrollanten fel och brister i ventilationen och antecknar dem i protokollet. Kontrollanten ska underteckna protokollet och l\u00e4mna ett exemplar till byggnadens \u00e4gare och skicka ett exemplar till byggnadsn\u00e4mnden<\/p>\n\n\n\n<p>Efter godk\u00e4nnande av OVK utf\u00e4rdar kontrollanten ett intyg som visar att besiktningen har gjorts, med datum f\u00f6r besiktningen, resultatet av kontrollen och datumet f\u00f6r n\u00e4sta besiktning. Byggnadens \u00e4gare ska s\u00e4tta upp intyget p\u00e5 v\u00e4l synlig plats i byggnaden. <\/p>\n","protected":false},"excerpt":{"rendered":"<p>Funktionsbeskrivning Huset ventileras mekaniskt med ett s\u00e5 kallat FTX-system. FTX-system \u00e4r ett system d\u00e4r man anv\u00e4nder v\u00e4rmen i fr\u00e5nluften f\u00f6r att v\u00e4rma den inkommande tilluften. Tilluften tillf\u00f6rs mekaniskt i sovrum och vardagsrum. Fr\u00e5nluften sugs ut via k\u00f6ksk\u00e5pan i k\u00f6ket och fr\u00e5nluftsdon i v\u00e5trum (bad och WC) och i f\u00f6rekommande fall kl\u00e4dkammare. Spisk\u00e5pan i k\u00f6ket har &hellip; <\/p>\n<p class=\"link-more\"><a href=\"https:\/\/www.dalgangen.se\/?page_id=322\" class=\"more-link\">Forts\u00e4tt l\u00e4sa<span class=\"screen-reader-text\"> \u201dVentilation\u201d<\/span><\/a><\/p>\n","protected":false},"author":1,"featured_media":0,"parent":0,"menu_order":0,"comment_status":"closed","ping_status":"closed","template":"","meta":[],"_links":{"self":[{"href":"https:\/\/www.dalgangen.se\/index.php?rest_route=\/wp\/v2\/pages\/322"}],"collection":[{"href":"https:\/\/www.dalgangen.se\/index.php?rest_route=\/wp\/v2\/pages"}],"about":[{"href":"https:\/\/www.dalgangen.se\/index.php?rest_route=\/wp\/v2\/types\/page"}],"author":[{"embeddable":true,"href":"https:\/\/www.dalgangen.se\/index.php?rest_route=\/wp\/v2\/users\/1"}],"replies":[{"embeddable":true,"href":"https:\/\/www.dalgangen.se\/index.php?rest_route=%2Fwp%2Fv2%2Fcomments&post=322"}],"version-history":[{"count":3,"href":"https:\/\/www.dalgangen.se\/index.php?rest_route=\/wp\/v2\/pages\/322\/revisions"}],"predecessor-version":[{"id":325,"href":"https:\/\/www.dalgangen.se\/index.php?rest_route=\/wp\/v2\/pages\/322\/revisions\/325"}],"wp:attachment":[{"href":"https:\/\/www.dalgangen.se\/index.php?rest_route=%2Fwp%2Fv2%2Fmedia&parent=322"}],"curies":[{"name":"wp","href":"https:\/\/api.w.org\/{rel}","templated":true}]}}