{"id":326,"date":"2020-09-09T22:07:54","date_gmt":"2020-09-09T21:07:54","guid":{"rendered":"http:\/\/www.dalgangen.se\/?page_id=326"},"modified":"2020-09-09T22:19:08","modified_gmt":"2020-09-09T21:19:08","slug":"omradeskotsel","status":"publish","type":"page","link":"https:\/\/www.dalgangen.se\/?page_id=326","title":{"rendered":"Omr\u00e5dessk\u00f6tsel"},"content":{"rendered":"\n<p>P\u00e5 Dalg\u00e5ngen sk\u00f6ter vi v\u00e5r tomt och v\u00e5r fastighet sj\u00e4lva och det bygger p\u00e5 att vi alla tar ansvar och hj\u00e4lps \u00e5t. V\u00e5rt \u00e5rsschema (se l\u00e4ngst ner) inneb\u00e4r att alla l\u00e4genheter \u00e4r indelade i par och tillsammans med din &#8221;kompis&#8221; har du ansvar f\u00f6r tre\/fyra veckor varje \u00e5r. Schemat finns anslaget i f\u00f6rr\u00e5den och vid brevl\u00e5dorna. Ansvar beh\u00f6ver inte alltid betyda att du sj\u00e4lv beh\u00f6ver g\u00f6ra allt, men det \u00e4r du som \u00e4r ansvarig f\u00f6r att det blir gjort. <\/p>\n\n\n\n<p>Det finns alltid n\u00e5got som beh\u00f6ver g\u00f6ras, men allt beh\u00f6ver inte g\u00f6ras varje vecka. Ta ett varv runt huset och kolla l\u00e4get. Plocka skr\u00e4p \u00e4r n\u00e5got som n\u00e4stan alltid beh\u00f6vs, ofta \u00e4r det ocks\u00e5 l\u00e4ge att sopa, plocka pinnar eller rensa stupr\u00f6r. H\u00f6r av dig till styrelsen om du ser n\u00e5got som beh\u00f6ver st\u00f6rre \u00e5tg\u00e4rd eller uppt\u00e4cker n\u00e5got som beh\u00f6ver k\u00f6pas in. N\u00e4r du har anv\u00e4nt v\u00e5ra maskiner \u00e4r det bra att fylla p\u00e5 med bensin (och meddela om den tar slut), s\u00e5 ingen beh\u00f6ver bli \u00f6verraskad och st\u00e5 utan.<\/p>\n\n\n\n<p>Prata med dem ni delar vecka med om hur ni vill l\u00e4gga upp arbetet, s\u00e5 att ingenting faller mellan stolarna  H\u00f6r av er till styrelsen om ni har f\u00f6rhinder att ta hand om er egen vecka och inte lyckas byta. Meddela ocks\u00e5 g\u00e4rna era byten.  <\/p>\n\n\n\n<blockquote class=\"wp-block-quote\"><p> Kom ih\u00e5g vi \u00e4r en liten f\u00f6rening som \u00e4r beroende av att alla hj\u00e4lper till.  <\/p><\/blockquote>\n\n\n\n<h2>Att t\u00e4nka p\u00e5<\/h2>\n\n\n\n<h3>Sommartid<\/h3>\n\n\n\n<p>Den varma \u00e5rstiden \u00e4r fokus p\u00e5 v\u00e5ra gr\u00f6na ytor. Gr\u00e4set beh\u00f6ver klippas n\u00e4stan varje vecka. Det finns en stor gr\u00e4sklippare i rummet bakom det s\u00f6dra cykelf\u00f6rr\u00e5det och en liten i s\u00f6dra f\u00f6rr\u00e5det \u2013 du v\u00e4ljer sj\u00e4lv vilken du tycker passar b\u00e4st. Alla gr\u00e4smattor p\u00e5 v\u00e5r tomt ska klippas men du beh\u00f6ver inte bry dig om sl\u00e4nten ner mot det gula grannhuset.  Ofta beh\u00f6vs ocks\u00e5 kantklippning och ogr\u00e4srensning, och emellan\u00e5t beh\u00f6ver v\u00e5ra buskar lite extra ompyssling. Trimmer och m\u00e5nga typer av tr\u00e4dg\u00e5rdsredskap finns i redskapsf\u00f6rr\u00e5det. Komposter f\u00f6r tr\u00e4dg\u00e5rdsavfall finns bakom det norra f\u00f6rr\u00e5dshuset. T\u00e4nk p\u00e5 att inte sl\u00e4nga f\u00f6r grovt avfall h\u00e4r. L\u00f6v och liknande kan du b\u00e4ra upp i skogen, t\u00e4nk d\u00e5 p\u00e5 att sprida ut det ordentligt. <\/p>\n\n\n\n<h3>Vintertid<\/h3>\n\n\n\n<p>Vid behov \u00e4r det sn\u00f6r\u00f6jning och halkbek\u00e4mpning som har absolut h\u00f6gsta prioritet. Alla g\u00e5ngar runt huset samt parkeringen och uppfarten beh\u00f6ver tas om hand. Gl\u00f6m inte molokerna (runt omkring och ovanp\u00e5), om det inte \u00e4r r\u00f6jt d\u00e4r s\u00e5 h\u00e4mtas inte v\u00e5ra sopor. Rondellen d\u00e4remot \u00e4r kommunens ansvar, och grannarna i det gula huset tar numera hand om sin egen sn\u00f6r\u00f6jning. Blir det riktigt mycket sn\u00f6 s\u00e5 beh\u00f6ver m\u00e5nga hj\u00e4lpas \u00e5t \u2013 h\u00e5ll g\u00e4rna utkik och erbjud din hj\u00e4lp n\u00e4r du kan.<\/p>\n\n\n\n<h2>\u00c5rschema 2020<strong><\/strong><\/h2>\n\n\n\n<figure class=\"wp-block-image\"><img loading=\"lazy\" width=\"798\" height=\"355\" src=\"https:\/\/www.dalgangen.se\/wp-content\/uploads\/2020\/09\/\u00e5rschema2020.png\" alt=\"\" class=\"wp-image-329\" srcset=\"https:\/\/www.dalgangen.se\/wp-content\/uploads\/2020\/09\/\u00e5rschema2020.png 798w, https:\/\/www.dalgangen.se\/wp-content\/uploads\/2020\/09\/\u00e5rschema2020-300x133.png 300w, https:\/\/www.dalgangen.se\/wp-content\/uploads\/2020\/09\/\u00e5rschema2020-768x342.png 768w\" sizes=\"(max-width: 767px) 89vw, (max-width: 1000px) 54vw, (max-width: 1071px) 543px, 580px\" \/><\/figure>\n","protected":false},"excerpt":{"rendered":"<p>P\u00e5 Dalg\u00e5ngen sk\u00f6ter vi v\u00e5r tomt och v\u00e5r fastighet sj\u00e4lva och det bygger p\u00e5 att vi alla tar ansvar och hj\u00e4lps \u00e5t. V\u00e5rt \u00e5rsschema (se l\u00e4ngst ner) inneb\u00e4r att alla l\u00e4genheter \u00e4r indelade i par och tillsammans med din &#8221;kompis&#8221; har du ansvar f\u00f6r tre\/fyra veckor varje \u00e5r. Schemat finns anslaget i f\u00f6rr\u00e5den och vid &hellip; <\/p>\n<p class=\"link-more\"><a href=\"https:\/\/www.dalgangen.se\/?page_id=326\" class=\"more-link\">Forts\u00e4tt l\u00e4sa<span class=\"screen-reader-text\"> \u201dOmr\u00e5dessk\u00f6tsel\u201d<\/span><\/a><\/p>\n","protected":false},"author":1,"featured_media":0,"parent":0,"menu_order":0,"comment_status":"closed","ping_status":"closed","template":"","meta":[],"_links":{"self":[{"href":"https:\/\/www.dalgangen.se\/index.php?rest_route=\/wp\/v2\/pages\/326"}],"collection":[{"href":"https:\/\/www.dalgangen.se\/index.php?rest_route=\/wp\/v2\/pages"}],"about":[{"href":"https:\/\/www.dalgangen.se\/index.php?rest_route=\/wp\/v2\/types\/page"}],"author":[{"embeddable":true,"href":"https:\/\/www.dalgangen.se\/index.php?rest_route=\/wp\/v2\/users\/1"}],"replies":[{"embeddable":true,"href":"https:\/\/www.dalgangen.se\/index.php?rest_route=%2Fwp%2Fv2%2Fcomments&post=326"}],"version-history":[{"count":3,"href":"https:\/\/www.dalgangen.se\/index.php?rest_route=\/wp\/v2\/pages\/326\/revisions"}],"predecessor-version":[{"id":330,"href":"https:\/\/www.dalgangen.se\/index.php?rest_route=\/wp\/v2\/pages\/326\/revisions\/330"}],"wp:attachment":[{"href":"https:\/\/www.dalgangen.se\/index.php?rest_route=%2Fwp%2Fv2%2Fmedia&parent=326"}],"curies":[{"name":"wp","href":"https:\/\/api.w.org\/{rel}","templated":true}]}}